{"id":945,"date":"2020-01-13T11:17:52","date_gmt":"2020-01-13T11:17:52","guid":{"rendered":"https:\/\/demosites.io\/marketing-agency-gb\/?page_id=5"},"modified":"2025-08-04T17:34:39","modified_gmt":"2025-08-04T15:34:39","slug":"bcd31-home","status":"publish","type":"page","link":"https:\/\/xn--servicespapiersfranais-i7b.fr\/","title":{"rendered":"Accueil"},"content":{"rendered":"<div class=\"wp-block-cover alignfull\" style=\"min-height:800px;aspect-ratio:unset;\"><img loading=\"lazy\" decoding=\"async\" width=\"249\" height=\"203\" class=\"wp-block-cover__image-background wp-image-1052 size-full\" alt=\"\" src=\"http:\/\/xn--servicespapiersfranais-i7b.fr\/wp-content\/uploads\/2025\/05\/images-6-1.jpg\" data-object-fit=\"cover\"\/><span aria-hidden=\"true\" class=\"wp-block-cover__background has-background-dim-0 has-background-dim\"><\/span><div class=\"wp-block-cover__inner-container is-layout-flow wp-block-cover-is-layout-flow\"><div class=\"wp-block-columns are-vertically-aligned-center is-layout-flex wp-container-core-columns-is-layout-9d6595d7 wp-block-columns-is-layout-flex\"><div class=\"wp-block-column is-vertically-aligned-center is-layout-flow wp-block-column-is-layout-flow\" style=\"padding-right:var(--wp--preset--spacing--20);padding-left:var(--wp--preset--spacing--20);flex-basis:65%\"><div style=\"height:80px\" aria-hidden=\"true\" class=\"wp-block-spacer\"><\/div>\n\n<h1 class=\"wp-block-heading has-text-align-left has-nv-text-dark-bg-color has-text-color\">Faciliter vos d\u00e9marches<\/h1>\n\n<ul style=\"background-color:#1e3374a3\" class=\"wp-block-list has-background\"><li><strong>Carte de s\u00e9jour &#8220;vie priv\u00e9e et familiale&#8221;<\/strong><\/li>\n\n<li><strong>Carte de s\u00e9jour &#8220;salari\u00e9&#8221; ou &#8220;travailleur temporaire&#8221;<\/strong><\/li>\n\n<li><strong>Carte de s\u00e9jour &#8220;entrepreneur\/profession lib\u00e9rale&#8221;<\/strong><\/li>\n\n<li><strong>Carte de r\u00e9sident<\/strong><\/li>\n\n<li><strong>Document de circulation pour mineur \u00e9tranger<\/strong><\/li>\n\n<li><strong>Naturalisation<\/strong><\/li>\n\n<li><strong>Autres demandes<\/strong><\/li><\/ul>\n\n<div class=\"wp-block-buttons is-horizontal is-content-justification-left is-layout-flex wp-container-core-buttons-is-layout-7e5fce0a wp-block-buttons-is-layout-flex\"><div class=\"wp-block-button is-style-primary\"><a class=\"wp-block-button__link has-text-color has-background has-link-color wp-element-button\" href=\"https:\/\/xn--servicespapiersfranais-i7b.fr\/?page_id=75\" style=\"color:#0a2279;background-color:#ffffff\">appel gratuit 04 65 84 83 93<\/a><\/div><\/div>\n\n<div style=\"height:100px\" aria-hidden=\"true\" class=\"wp-block-spacer\"><\/div><\/div>\n\n<div class=\"wp-block-column is-vertically-aligned-center is-layout-flow wp-block-column-is-layout-flow\"><div id=\"wp-block-themeisle-blocks-slider-2676f3c4\" class=\"wp-block-themeisle-blocks-slider glide is-style-rounded\" data-per-view=\"1\" data-gap=\"0\" data-peek=\"0\" data-autoplay=\"true\" data-height=\"400px\" data-hide-arrows=\"false\"><div class=\"glide__track\" data-glide-el=\"track\"><div class=\"glide__slides\"><div class=\"wp-block-themeisle-blocks-slider-item-wrapper glide__slide\" tabindex=\"0\"><figure><img decoding=\"async\" class=\"wp-block-themeisle-blocks-slider-item\" src=\"http:\/\/xn--servicespapiersfranais-i7b.fr\/wp-content\/uploads\/2025\/05\/images-2-1.jpg\" alt=\"\" title=\"\" data-id=\"1080\"\/><\/figure><\/div><div class=\"wp-block-themeisle-blocks-slider-item-wrapper glide__slide\" tabindex=\"0\"><figure><img decoding=\"async\" class=\"wp-block-themeisle-blocks-slider-item\" src=\"http:\/\/xn--servicespapiersfranais-i7b.fr\/wp-content\/uploads\/2025\/05\/images-1.png\" alt=\"\" title=\"\" data-id=\"1075\"\/><\/figure><\/div><\/div><div class=\"glide__bullets\" data-glide-el=\"controls[nav]\"><button class=\"glide__bullet\" data-glide-dir=\"=0\"><\/button><button class=\"glide__bullet\" data-glide-dir=\"=1\"><\/button><\/div><\/div><\/div><\/div><\/div><\/div><\/div><div class=\"wp-block-group\" style=\"padding-top:var(--wp--preset--spacing--50);padding-bottom:var(--wp--preset--spacing--50)\"><div class=\"wp-block-group__inner-container is-layout-constrained wp-block-group-is-layout-constrained\"><div class=\"wp-block-columns is-layout-flex wp-container-core-columns-is-layout-9d6595d7 wp-block-columns-is-layout-flex\"><div class=\"wp-block-column neve-duotone is-layout-flow wp-block-column-is-layout-flow\" style=\"padding-right:var(--wp--preset--spacing--30);padding-left:var(--wp--preset--spacing--30)\"><div class=\"wp-block-image icon-style is-style-default wp-duotone-unset-1\"><figure class=\"aligncenter size-full is-resized has-custom-border\"><img loading=\"lazy\" decoding=\"async\" width=\"235\" height=\"151\" src=\"https:\/\/xn--servicespapiersfranais-i7b.fr\/wp-content\/uploads\/2025\/05\/images-9.jpg\" alt=\"\" class=\"wp-image-969\" style=\"border-radius:0px;width:207px;height:auto\" title=\"\"\/><\/figure><\/div>\n\n<div style=\"height:16px\" aria-hidden=\"true\" class=\"wp-block-spacer\"><\/div>\n\n<h3 class=\"wp-block-heading has-text-align-center has-neve-text-color-color has-text-color\"><strong>Demande de Carte de s\u00e9jour<\/strong><\/h3>\n\n<p>Les ressortissants de pays tiers (non-europ\u00e9ens) ayant des attaches familiales en France peuvent obtenir une carte de s\u00e9jour &#8220;vie priv\u00e9e et familiale&#8221;, sous conditions. Retrouvez les informations n\u00e9cessaires adapt\u00e9es \u00e0 votre situation : conjoint(e) de Fran\u00e7ais(e), pacs\u00e9(e) avec un(e) Fran\u00e7ais(e), parent d\u2019un enfant fran\u00e7ais, ou membre de la famille d\u2019un \u00e9tranger r\u00e9guli\u00e8rement pr\u00e9sent en France.<\/p><\/div>\n\n<div class=\"wp-block-column is-layout-flow wp-block-column-is-layout-flow\" style=\"padding-right:var(--wp--preset--spacing--30);padding-left:var(--wp--preset--spacing--30)\"><div class=\"wp-block-image icon-style is-style-default\"><figure class=\"aligncenter size-full has-custom-border\"><img loading=\"lazy\" decoding=\"async\" width=\"318\" height=\"159\" src=\"https:\/\/xn--servicespapiersfranais-i7b.fr\/wp-content\/uploads\/2025\/05\/telechargement.jpg\" alt=\"\" class=\"wp-image-970\" style=\"border-radius:0px\" title=\"\" srcset=\"https:\/\/xn--servicespapiersfranais-i7b.fr\/wp-content\/uploads\/2025\/05\/telechargement.jpg 318w, https:\/\/xn--servicespapiersfranais-i7b.fr\/wp-content\/uploads\/2025\/05\/telechargement-300x150.jpg 300w\" sizes=\"auto, (max-width: 318px) 100vw, 318px\" \/><\/figure><\/div>\n\n<div style=\"height:16px\" aria-hidden=\"true\" class=\"wp-block-spacer\"><\/div>\n\n<h3 class=\"wp-block-heading has-text-align-center has-neve-text-color-color has-text-color\">Demande de Nationalit\u00e9 Fran\u00e7aise <\/h3>\n\n<p class=\"has-text-align-left\"><em>Vous \u00eates \u00e9tranger et souhaitez demander la nationalit\u00e9 fran\u00e7aise ? La naturalisation par d\u00e9cret est l\u2019une des voies d\u2019acquisition de la nationalit\u00e9. Voici les informations essentielles et les \u00e9tapes \u00e0 suivre pour effectuer votre d\u00e9marche.\u00a0<\/em><\/p>\n\n<div class=\"wp-block-group\"><div class=\"wp-block-group__inner-container is-layout-constrained wp-block-group-is-layout-constrained\"><p class=\"has-text-align-center\"><\/p><\/div><\/div><\/div>\n\n<div class=\"wp-block-column is-layout-flow wp-block-column-is-layout-flow\" style=\"padding-right:var(--wp--preset--spacing--30);padding-left:var(--wp--preset--spacing--30)\"><div class=\"wp-block-image icon-style is-style-default wp-duotone-unset-2\"><figure class=\"aligncenter size-full is-resized has-custom-border\"><img loading=\"lazy\" decoding=\"async\" width=\"300\" height=\"168\" src=\"https:\/\/xn--servicespapiersfranais-i7b.fr\/wp-content\/uploads\/2025\/05\/telechargement-1.jpg\" alt=\"\" class=\"wp-image-971\" style=\"border-radius:0px;width:230px;height:auto\" title=\"\"\/><\/figure><\/div>\n\n<div style=\"height:16px\" aria-hidden=\"true\" class=\"wp-block-spacer\"><\/div>\n\n<h3 class=\"wp-block-heading has-text-align-center has-neve-text-color-color has-text-color\"><strong>Demande de changement de permis de conduire<\/strong><\/h3>\n\n<p class=\"has-text-align-left\"><strong><em>Vous vous installez en France et souhaitez savoir si vous pouvez conduire avec votre permis \u00e9tranger ?<\/em> <\/strong><\/p>\n\n<p class=\"has-text-align-left\">Un permis d\u00e9livr\u00e9 par un pays non europ\u00e9en (sauf un permis britannique \u00e9mis avant 2021) est\u00a0valable un an \u00e0 compter de votre installation en France\u00a0(r\u00e9sidence habituelle).\u00a0Pass\u00e9 ce d\u00e9lai, l\u2019\u00e9change contre un permis fran\u00e7ais est obligatoire\u00a0pour continuer \u00e0 conduire.<\/p><\/div>\n\n<div class=\"wp-block-column is-layout-flow wp-block-column-is-layout-flow\" style=\"padding-right:var(--wp--preset--spacing--30);padding-left:var(--wp--preset--spacing--30)\"><div class=\"wp-block-image icon-style is-style-default wp-duotone-unset-3\"><figure class=\"aligncenter size-full is-resized has-custom-border\"><img loading=\"lazy\" decoding=\"async\" width=\"2560\" height=\"1707\" src=\"https:\/\/xn--servicespapiersfranais-i7b.fr\/wp-content\/uploads\/2025\/05\/photo-1642522029686-5485ea7e6042-scaled.jpg\" alt=\"\" class=\"wp-image-972\" style=\"border-radius:0px;width:196px;height:auto\" title=\"\" srcset=\"https:\/\/xn--servicespapiersfranais-i7b.fr\/wp-content\/uploads\/2025\/05\/photo-1642522029686-5485ea7e6042-scaled.jpg 2560w, https:\/\/xn--servicespapiersfranais-i7b.fr\/wp-content\/uploads\/2025\/05\/photo-1642522029686-5485ea7e6042-300x200.jpg 300w, https:\/\/xn--servicespapiersfranais-i7b.fr\/wp-content\/uploads\/2025\/05\/photo-1642522029686-5485ea7e6042-1024x683.jpg 1024w, https:\/\/xn--servicespapiersfranais-i7b.fr\/wp-content\/uploads\/2025\/05\/photo-1642522029686-5485ea7e6042-768x512.jpg 768w, https:\/\/xn--servicespapiersfranais-i7b.fr\/wp-content\/uploads\/2025\/05\/photo-1642522029686-5485ea7e6042-1536x1024.jpg 1536w, https:\/\/xn--servicespapiersfranais-i7b.fr\/wp-content\/uploads\/2025\/05\/photo-1642522029686-5485ea7e6042-2048x1365.jpg 2048w, https:\/\/xn--servicespapiersfranais-i7b.fr\/wp-content\/uploads\/2025\/05\/photo-1642522029686-5485ea7e6042-930x620.jpg 930w\" sizes=\"auto, (max-width: 2560px) 100vw, 2560px\" \/><\/figure><\/div>\n\n<div style=\"height:16px\" aria-hidden=\"true\" class=\"wp-block-spacer\"><\/div>\n\n<h3 class=\"wp-block-heading has-text-align-center has-neve-text-color-color has-text-color\">Demandez un avocat sp\u00e9cialis\u00e9<\/h3>\n\n<p class=\"has-text-align-left\"><em>Nous vous garantissons l\u2019accompagnement par les meilleurs avocats sp\u00e9cialis\u00e9s en droit des \u00e9trangers.\u00a0<\/em><\/p><\/div><\/div><\/div><\/div><div class=\"wp-block-cover alignfull has-neve-text-color-color has-text-color has-link-color wp-elements-15f2efb20dd0992bab88dc3947d1acbd\" style=\"padding-top:var(--wp--preset--spacing--80);padding-bottom:var(--wp--preset--spacing--80);min-height:600px;aspect-ratio:unset;\"><span aria-hidden=\"true\" class=\"wp-block-cover__background has-nv-light-bg-background-color has-background-dim-80 has-background-dim\"><\/span><div class=\"wp-block-cover__inner-container is-layout-flow wp-block-cover-is-layout-flow\"><div class=\"wp-block-group\"><div class=\"wp-block-group__inner-container is-layout-flow wp-block-group-is-layout-flow\"><div style=\"height:80px\" aria-hidden=\"true\" class=\"wp-block-spacer\"><\/div>\n\n<div class=\"wp-block-columns is-layout-flex wp-container-core-columns-is-layout-9d6595d7 wp-block-columns-is-layout-flex\"><div class=\"wp-block-column is-layout-flow wp-block-column-is-layout-flow\" style=\"padding-right:0;padding-left:0;flex-basis:20%\"><\/div>\n\n<div class=\"wp-block-column is-layout-flow wp-block-column-is-layout-flow\" style=\"flex-basis:60%\"><div class=\"wp-block-group is-vertical is-content-justification-center is-layout-flex wp-container-core-group-is-layout-4b2eccd6 wp-block-group-is-layout-flex\"><h2 class=\"wp-block-heading has-text-align-center has-neve-text-color-color has-text-color has-link-color wp-elements-fba360e59445d10b23a02c625f6ae37e\"><strong>Simplicit\u00e9 et Rapidit\u00e9 de vos d\u00e9marche<\/strong><\/h2>\n\n<p class=\"has-text-align-center has-neve-text-color-color has-text-color has-link-color wp-elements-4f9f5d909b94b94a57a9cc8dc451e2f3\"><strong>Nous veillons \u00e0 ce que vos documents soient trait\u00e9s avec soin et expertise \u00e0 chaque fois !.<\/strong><\/p>\n\n<div style=\"height:0px\" aria-hidden=\"true\" class=\"wp-block-spacer wp-container-content-541a6b20\"><\/div><\/div><\/div>\n\n<div class=\"wp-block-column is-layout-flow wp-block-column-is-layout-flow\" style=\"flex-basis:20%\"><\/div><\/div>\n\n<div class=\"wp-block-columns are-vertically-aligned-center is-layout-flex wp-container-core-columns-is-layout-9d6595d7 wp-block-columns-is-layout-flex\"><div class=\"wp-block-column is-vertically-aligned-center is-layout-flow wp-block-column-is-layout-flow\" style=\"padding-right:var(--wp--preset--spacing--30);padding-left:var(--wp--preset--spacing--30);flex-basis:50%\"><figure class=\"wp-block-image size-full is-resized has-custom-border\"><img loading=\"lazy\" decoding=\"async\" width=\"275\" height=\"183\" src=\"https:\/\/xn--servicespapiersfranais-i7b.fr\/wp-content\/uploads\/2025\/05\/telechargement-2-1.jpg\" alt=\"\" class=\"wp-image-990\" style=\"border-radius:16px;width:458px;height:auto\"\/><\/figure>\n\n<div style=\"height:24px\" aria-hidden=\"true\" class=\"wp-block-spacer\"><\/div>\n\n<h3 class=\"wp-block-heading has-text-align-left animated backInDown has-neve-text-color-color has-text-color has-medium-font-size\"><strong>Accompagnement de tout vos d\u00e9marche  <\/strong><\/h3>\n\n<p><em>Nous vous accompagnons dans vos d\u00e9marches administratives du quotidien, r\u00e9pondons \u00e0 vos questions et vous guidons dans vos proc\u00e9dures en ligne.<\/em><\/p>\n\n<div class=\"wp-block-buttons is-layout-flex wp-block-buttons-is-layout-flex\"><div class=\"wp-block-button is-style-primary\"><a class=\"wp-block-button__link wp-element-button\" href=\"https:\/\/xn--servicespapiersfranais-i7b.fr\/?page_id=75\">appel gratuit 04 65 84 83 93<\/a><\/div><\/div><\/div>\n\n<div class=\"wp-block-column is-vertically-aligned-center is-layout-flow wp-block-column-is-layout-flow\" style=\"padding-right:var(--wp--preset--spacing--30);padding-left:var(--wp--preset--spacing--30);flex-basis:50%\"><figure class=\"wp-block-image size-full is-resized has-custom-border\"><img loading=\"lazy\" decoding=\"async\" width=\"318\" height=\"159\" src=\"https:\/\/xn--servicespapiersfranais-i7b.fr\/wp-content\/uploads\/2025\/05\/images-1.jpg30-1.jpg\" alt=\"\" class=\"wp-image-991\" style=\"border-radius:16px;width:567px;height:auto\" srcset=\"https:\/\/xn--servicespapiersfranais-i7b.fr\/wp-content\/uploads\/2025\/05\/images-1.jpg30-1.jpg 318w, https:\/\/xn--servicespapiersfranais-i7b.fr\/wp-content\/uploads\/2025\/05\/images-1.jpg30-1-300x150.jpg 300w\" sizes=\"auto, (max-width: 318px) 100vw, 318px\" \/><\/figure>\n\n<div style=\"height:24px\" aria-hidden=\"true\" class=\"wp-block-spacer\"><\/div>\n\n<h3 class=\"wp-block-heading has-text-align-left has-neve-text-color-color has-text-color\">Nos avocats <\/h3>\n\n<p><em>Nos avocats partenaires vous accompagnent avec expertise : analyse de votre situation, conseils juridiques sur mesure et vous guideront \u00e9tape par \u00e9tape pour vos d\u00e9marches administratives.<\/em><\/p>\n\n<div class=\"wp-block-buttons is-layout-flex wp-block-buttons-is-layout-flex\"><div class=\"wp-block-button is-style-primary\"><a class=\"wp-block-button__link wp-element-button\" href=\"https:\/\/xn--servicespapiersfranais-i7b.fr\/?page_id=75\">appel gratuit 04 65 84 83 93 <\/a><\/div><\/div><\/div><\/div><\/div><\/div><\/div><\/div><div class=\"wp-block-cover alignfull has-nv-text-dark-bg-color has-text-color has-link-color wp-elements-1bbbd07785fc244f4e219b6a25c879c7\" style=\"padding-top:var(--wp--preset--spacing--80);padding-bottom:var(--wp--preset--spacing--80);min-height:420px;aspect-ratio:unset;\"><span aria-hidden=\"true\" class=\"wp-block-cover__background has-nv-dark-bg-background-color has-background-dim-100 has-background-dim\"><\/span><div class=\"wp-block-cover__inner-container is-layout-flow wp-block-cover-is-layout-flow\"><div class=\"wp-block-columns is-layout-flex wp-container-core-columns-is-layout-9d6595d7 wp-block-columns-is-layout-flex\"><div class=\"wp-block-column ticss-4ce656f1 is-layout-flow wp-block-column-is-layout-flow\"><p><\/p>\n\n<div class=\"wp-block-group\"><div class=\"wp-block-group__inner-container is-layout-constrained wp-block-group-is-layout-constrained\"><div class=\"wp-block-image is-style-rounded\"><figure class=\"aligncenter size-full is-resized\"><img loading=\"lazy\" decoding=\"async\" width=\"80\" height=\"80\" src=\"http:\/\/xn--servicespapiersfranais-i7b.fr\/wp-content\/uploads\/2024\/05\/neve-marketing-agency-04.png\" alt=\"\" class=\"wp-image-697\" style=\"width:80px;height:80px\"\/><\/figure><\/div><\/div><\/div>\n\n<div style=\"height:24px\" aria-hidden=\"true\" class=\"wp-block-spacer\"><\/div>\n\n<p class=\"has-text-align-center has-nv-text-dark-bg-color has-text-color has-link-color wp-elements-dc8cdcf18b342d08f4229ccf99577607\">\u201cUne \u00e9quipe qui a changer toute ma vie en bonheur apr\u00e8s un gal\u00e8re qui a durer des ann\u00e9es pour avoir ma carte de r\u00e9sident  ,.\u201c<\/p>\n\n<p class=\"has-text-align-center has-nv-text-dark-bg-color has-text-color has-small-font-size\" style=\"text-transform:uppercase\"><strong>Samia winich <\/strong><\/p><\/div>\n\n<div class=\"wp-block-column ticss-f6fc7494 is-layout-flow wp-block-column-is-layout-flow\"><div class=\"wp-block-image is-style-rounded\"><figure class=\"aligncenter size-full is-resized\"><img loading=\"lazy\" decoding=\"async\" width=\"80\" height=\"80\" src=\"http:\/\/xn--servicespapiersfranais-i7b.fr\/wp-content\/uploads\/2024\/05\/neve-marketing-agency-03.png\" alt=\"\" class=\"wp-image-696\" style=\"width:80px;height:80px\"\/><\/figure><\/div>\n\n<div style=\"height:24px\" aria-hidden=\"true\" class=\"wp-block-spacer\"><\/div>\n\n<p class=\"has-text-align-center has-nv-text-dark-bg-color has-text-color\">\u201cDes professionnels a l&#8217;\u00e9coute a tout moment que j&#8217;avais besoin, un avocat vraiment exceptionnel il m&#8217;a accompagner jusqu&#8217;\u00e0 derni\u00e8re \u00e9tape . Bravo a cette \u00e9quipe     \u201d<\/p>\n\n<p class=\"has-text-align-center has-nv-text-dark-bg-color has-text-color has-small-font-size\" style=\"text-transform:uppercase\"><strong>Mohamed Ajili <\/strong><\/p><\/div>\n\n<div class=\"wp-block-column ticss-a5b4df29 is-layout-flow wp-block-column-is-layout-flow\"><div class=\"wp-block-image is-style-rounded\"><figure class=\"aligncenter size-full is-resized\"><img loading=\"lazy\" decoding=\"async\" width=\"243\" height=\"148\" src=\"https:\/\/xn--servicespapiersfranais-i7b.fr\/wp-content\/uploads\/2025\/05\/images-11.jpg\" alt=\"\" class=\"wp-image-1016\" style=\"aspect-ratio:1;width:102px;height:auto\"\/><\/figure><\/div>\n\n<div style=\"height:24px\" aria-hidden=\"true\" class=\"wp-block-spacer\"><\/div>\n\n<p class=\"has-text-align-center has-nv-text-dark-bg-color has-text-color\">\u201cMerci Services papiers Fran\u00e7ais pour tout votre aide .\u201d<\/p>\n\n<p class=\"has-text-align-center has-nv-text-dark-bg-color has-text-color has-small-font-size\" style=\"text-transform:uppercase\"><strong>Aicha Ben arfa<\/strong><\/p><\/div><\/div>\n\n<div style=\"height:0px\" aria-hidden=\"true\" class=\"wp-block-spacer\"><\/div><\/div><\/div>","protected":false},"excerpt":{"rendered":"<p>Demande de Carte de s\u00e9jour Les ressortissants de pays tiers (non-europ\u00e9ens) ayant des attaches familiales en France peuvent obtenir une carte de s\u00e9jour &#8220;vie priv\u00e9e et familiale&#8221;, sous conditions. Retrouvez les informations n\u00e9cessaires adapt\u00e9es \u00e0 votre situation : conjoint(e) de Fran\u00e7ais(e), pacs\u00e9(e) avec un(e) Fran\u00e7ais(e), parent d\u2019un enfant fran\u00e7ais, ou membre de la famille d\u2019un&hellip;&nbsp;<a href=\"https:\/\/xn--servicespapiersfranais-i7b.fr\/\" rel=\"bookmark\">Lire la suite &raquo;<span class=\"screen-reader-text\">Accueil<\/span><\/a><\/p>\n","protected":false},"author":1,"featured_media":0,"parent":0,"menu_order":0,"comment_status":"closed","ping_status":"closed","template":"","meta":{"neve_meta_sidebar":"default","neve_meta_container":"default","neve_meta_enable_content_width":"on","neve_meta_content_width":100,"neve_meta_title_alignment":"","neve_meta_author_avatar":"","neve_post_elements_order":"","neve_meta_disable_header":"","neve_meta_disable_footer":"","neve_meta_disable_title":"on","_themeisle_gutenberg_block_has_review":false,"footnotes":""},"class_list":["post-945","page","type-page","status-publish","hentry"],"_links":{"self":[{"href":"https:\/\/xn--servicespapiersfranais-i7b.fr\/index.php?rest_route=\/wp\/v2\/pages\/945","targetHints":{"allow":["GET"]}}],"collection":[{"href":"https:\/\/xn--servicespapiersfranais-i7b.fr\/index.php?rest_route=\/wp\/v2\/pages"}],"about":[{"href":"https:\/\/xn--servicespapiersfranais-i7b.fr\/index.php?rest_route=\/wp\/v2\/types\/page"}],"author":[{"embeddable":true,"href":"https:\/\/xn--servicespapiersfranais-i7b.fr\/index.php?rest_route=\/wp\/v2\/users\/1"}],"replies":[{"embeddable":true,"href":"https:\/\/xn--servicespapiersfranais-i7b.fr\/index.php?rest_route=%2Fwp%2Fv2%2Fcomments&post=945"}],"version-history":[{"count":35,"href":"https:\/\/xn--servicespapiersfranais-i7b.fr\/index.php?rest_route=\/wp\/v2\/pages\/945\/revisions"}],"predecessor-version":[{"id":1119,"href":"https:\/\/xn--servicespapiersfranais-i7b.fr\/index.php?rest_route=\/wp\/v2\/pages\/945\/revisions\/1119"}],"wp:attachment":[{"href":"https:\/\/xn--servicespapiersfranais-i7b.fr\/index.php?rest_route=%2Fwp%2Fv2%2Fmedia&parent=945"}],"curies":[{"name":"wp","href":"https:\/\/api.w.org\/{rel}","templated":true}]}}